{"id":1294,"date":"2020-05-26T23:31:57","date_gmt":"2020-05-26T23:31:57","guid":{"rendered":"https:\/\/gpsites.co\/landing\/?page_id=8"},"modified":"2024-04-14T02:52:42","modified_gmt":"2024-04-14T02:52:42","slug":"home","status":"publish","type":"page","link":"https:\/\/digitalpacifika.com\/","title":{"rendered":"Home"},"content":{"rendered":"<div class=\"gb-container gb-container-6ec57639\"><div class=\"gb-inside-container\">\n<div class=\"gb-grid-wrapper gb-grid-wrapper-d212ffc2\">\n<div class=\"gb-grid-column gb-grid-column-6290146c\"><div class=\"gb-container gb-container-6290146c\"><div class=\"gb-inside-container\">\n\n<h1 class=\"gb-headline gb-headline-a9091560 gb-headline-text\">D\u00e9veloppons <mark class=\"gb-highlight\">ensemble <\/mark>votre projet digital de demain !<\/h1>\n\n\n<div class=\"gb-button-wrapper gb-button-wrapper-158e106d\">\n\n<a class=\"gb-button gb-button-52506932 gb-button-text smooth-scroll\" href=\"#contact\">CONTACTEZ NOUS<\/a>\n\n<\/div>\n<\/div><\/div><\/div>\n<\/div>\n<\/div><div class=\"gb-shapes\"><div class=\"gb-shape gb-shape-1\"><svg xmlns=\"http:\/\/www.w3.org\/2000\/svg\" viewBox=\"0 0 1200 100\" preserveAspectRatio=\"none\"><path d=\"M1200 100H0V0l400 77.2L1200 0z\"\/><\/svg><\/div><\/div><\/div>\n\n<div class=\"gb-container gb-container-0f7de636\"><div class=\"gb-inside-container\">\n<div class=\"gb-grid-wrapper gb-grid-wrapper-84108159\">\n<div class=\"gb-grid-column gb-grid-column-61dc362e\"><div class=\"gb-container gb-container-61dc362e\"><div class=\"gb-inside-container\">\n\n<h2 class=\"gb-headline gb-headline-1a6b761e gb-headline-text\">Lancez votre projet<\/h2>\n\n\n\n<p>Nous vous accompagnons de la conception \u00e0 la r\u00e9alisation de vos projets digitaux, \u00e9laborant des strat\u00e9gies sur mesure pour atteindre vos objectifs. Notre \u00e9quipe d&#8217;experts exploite les technologies de pointe pour cr\u00e9er des applications web et mobiles performantes qui r\u00e9pondent \u00e0 vos d\u00e9fis.<\/p>\n\n\n\n<p><strong>Scalabilit\u00e9 pour tous<\/strong><\/p>\n\n\n\n<p>Que vous soyez une startup ou une entreprise \u00e9tablie, nos solutions \u00e9volutives s&#8217;adaptent \u00e0 votre croissance.<\/p>\n\n\n\n<p><strong>Transformez-vous avec Digital Pacifika<\/strong><\/p>\n\n\n\n<p>Lib\u00e9rez le pouvoir du digital \u00e0 nos c\u00f4t\u00e9s pour booster votre r\u00e9ussite.<\/p>\n\n<\/div><\/div><\/div>\n\n<div class=\"gb-grid-column gb-grid-column-7defa9ff\"><div class=\"gb-container gb-container-7defa9ff\"><div class=\"gb-inside-container\">\n\n<figure class=\"wp-block-image aligncenter size-full is-resized\"><img decoding=\"async\" class=\"wp-image-1311\" style=\"width: 400px; height: 400px;\" src=\"https:\/\/digitalpacifika.com\/wp-content\/uploads\/2022\/10\/2350098_startup_entrepreneur_launch.svg\" alt=\"\" \/><\/figure>\n\n<\/div><\/div><\/div>\n<\/div>\n<\/div><\/div>\n\n<div class=\"gb-container gb-container-d0afc5e8\"><div class=\"gb-inside-container\">\n\n<h3 class=\"gb-headline gb-headline-7a3826f4\"><span class=\"gb-icon\"><svg class=\"feather feather-minus\" viewBox=\"0 0 24 24\" height=\"48\" width=\"48\" xmlns=\"http:\/\/www.w3.org\/2000\/svg\"><path d=\"M5 12h14\"><\/path><\/svg><\/span><span class=\"gb-headline-text\">EXPERTISES<\/span><\/h3>\n\n\n<div class=\"gb-grid-wrapper gb-grid-wrapper-8efd90e2\">\n<div class=\"gb-grid-column gb-grid-column-4fc7ee99\"><div class=\"gb-container gb-container-4fc7ee99 column-shadow\"><div class=\"gb-inside-container\">\n\n<figure class=\"wp-block-image aligncenter size-large is-resized is-style-default\"><a href=\"http:\/\/digitalpacifika.com\/wp-content\/uploads\/2024\/04\/Website-DP.svg\"><img loading=\"lazy\" decoding=\"async\" class=\"alignnone wp-image-1458 size-medium\" style=\"width: 150px; height: 150px;\" src=\"http:\/\/digitalpacifika.com\/wp-content\/uploads\/2024\/04\/Website-DP.svg\" alt=\"\" width=\"300\" height=\"300\" \/><\/a><\/figure>\n\n\n\n<h4 class=\"gb-headline gb-headline-ea4869ee gb-headline-text\">Web<\/h4>\n\n\n\n<p class=\"has-text-align-center\">D\u00e9veloppement sur mesure de sites web adaptatifs et optimis\u00e9s pour tous les appareils.<\/p>\n\n<\/div><\/div><\/div>\n\n<div class=\"gb-grid-column gb-grid-column-e900a4b0\"><div class=\"gb-container gb-container-e900a4b0 column-shadow\"><div class=\"gb-inside-container\">\n\n<figure class=\"wp-block-image aligncenter size-large is-resized\"><a href=\"http:\/\/digitalpacifika.com\/wp-content\/uploads\/2024\/04\/Design-DP.svg\"><img loading=\"lazy\" decoding=\"async\" class=\"alignnone wp-image-1460 size-medium\" style=\"width: 150px; height: 150px;\" src=\"http:\/\/digitalpacifika.com\/wp-content\/uploads\/2024\/04\/Design-DP.svg\" alt=\"\" width=\"300\" height=\"300\" \/><\/a><\/figure>\n\n\n\n<h4 class=\"gb-headline gb-headline-e51d3472 gb-headline-text\">Design<\/h4>\n\n\n\n<p class=\"has-text-align-center\">Conception d&#8217;une identit\u00e9 visuelle qui aligne parfaitement avec les valeurs de votre marque.<\/p>\n\n<\/div><\/div><\/div>\n\n<div class=\"gb-grid-column gb-grid-column-13807449\"><div class=\"gb-container gb-container-13807449 column-shadow\"><div class=\"gb-inside-container\">\n\n<figure class=\"wp-block-image aligncenter size-full is-resized\"><a href=\"http:\/\/digitalpacifika.com\/wp-content\/uploads\/2024\/04\/AI-DP.svg\"><img loading=\"lazy\" decoding=\"async\" class=\"alignnone wp-image-1462 size-medium\" style=\"width: 150px; height: 150px;\" src=\"http:\/\/digitalpacifika.com\/wp-content\/uploads\/2024\/04\/AI-DP.svg\" alt=\"\" width=\"300\" height=\"300\" \/><\/a><\/figure>\n\n\n\n<h4 class=\"gb-headline gb-headline-9709b3b3 gb-headline-text\">Innovation<\/h4>\n\n\n\n<p class=\"has-text-align-center\">Adoption des derni\u00e8res avanc\u00e9es pour garder vos projets \u00e0 l&#8217;avant-garde<\/p>\n\n<\/div><\/div><\/div>\n<\/div>\n<\/div><\/div>\n\n<div class=\"gb-container gb-container-b6eeb9c1\"><div class=\"gb-inside-container\">\n<div class=\"gb-grid-wrapper gb-grid-wrapper-7a1d0998\">\n<div class=\"gb-grid-column gb-grid-column-da29776e\"><div class=\"gb-container gb-container-da29776e\"><div class=\"gb-inside-container\">\n<div class=\"wp-block-image\">\n<figure class=\"aligncenter size-thumbnail\"><img loading=\"lazy\" decoding=\"async\" width=\"920\" height=\"303\" src=\"https:\/\/digitalpacifika.com\/wp-content\/uploads\/2022\/10\/Wordpress.svg\" alt=\"\" class=\"wp-image-1348\"\/><\/figure>\n<\/div>\n<\/div><\/div><\/div>\n\n<div class=\"gb-grid-column gb-grid-column-70b292e2\"><div class=\"gb-container gb-container-70b292e2\"><div class=\"gb-inside-container\">\n<div class=\"wp-block-image\">\n<figure class=\"aligncenter size-large\"><img loading=\"lazy\" decoding=\"async\" width=\"920\" height=\"303\" src=\"http:\/\/digitalpacifika.com\/wp-content\/uploads\/2022\/10\/ionic-icon.svg\" alt=\"\" class=\"wp-image-1358\"\/><\/figure>\n<\/div>\n<\/div><\/div><\/div>\n\n<div class=\"gb-grid-column gb-grid-column-5efcb675\"><div class=\"gb-container gb-container-5efcb675\"><div class=\"gb-inside-container\">\n<div class=\"wp-block-image\">\n<figure class=\"aligncenter size-large\"><img loading=\"lazy\" decoding=\"async\" width=\"920\" height=\"303\" src=\"http:\/\/digitalpacifika.com\/wp-content\/uploads\/2022\/10\/apple.svg\" alt=\"\" class=\"wp-image-1353\"\/><\/figure>\n<\/div>\n<\/div><\/div><\/div>\n\n<div class=\"gb-grid-column gb-grid-column-9e9776f2\"><div class=\"gb-container gb-container-9e9776f2\"><div class=\"gb-inside-container\">\n<div class=\"wp-block-image\">\n<figure class=\"aligncenter size-large\"><img loading=\"lazy\" decoding=\"async\" width=\"920\" height=\"303\" src=\"http:\/\/digitalpacifika.com\/wp-content\/uploads\/2022\/10\/android.svg\" alt=\"\" class=\"wp-image-1354\"\/><\/figure>\n<\/div>\n<\/div><\/div><\/div>\n\n<div class=\"gb-grid-column gb-grid-column-c5376b08\"><div class=\"gb-container gb-container-c5376b08\"><div class=\"gb-inside-container\">\n<div class=\"wp-block-image\">\n<figure class=\"aligncenter size-large\"><img loading=\"lazy\" decoding=\"async\" width=\"920\" height=\"303\" src=\"http:\/\/digitalpacifika.com\/wp-content\/uploads\/2022\/10\/nodejs.svg\" alt=\"\" class=\"wp-image-1356\"\/><\/figure>\n<\/div>\n<\/div><\/div><\/div>\n\n<div class=\"gb-grid-column gb-grid-column-1f724120\"><div class=\"gb-container gb-container-1f724120\"><div class=\"gb-inside-container\">\n<div class=\"wp-block-image\">\n<figure class=\"aligncenter size-large\"><img loading=\"lazy\" decoding=\"async\" width=\"920\" height=\"303\" src=\"http:\/\/digitalpacifika.com\/wp-content\/uploads\/2022\/10\/php.svg\" alt=\"\" class=\"wp-image-1350\"\/><\/figure>\n<\/div>\n<\/div><\/div><\/div>\n<\/div>\n<\/div><\/div>\n\n\n<h3 class=\"gb-headline gb-headline-3ee4f0a7\"><span class=\"gb-icon\"><svg class=\"feather feather-minus\" viewBox=\"0 0 24 24\" height=\"48\" width=\"48\" xmlns=\"http:\/\/www.w3.org\/2000\/svg\"><path d=\"M5 12h14\"><\/path><\/svg><\/span><span class=\"gb-headline-text\">NOS PROJETS<\/span><\/h3>\n\n\n\n\n\n<div class=\"gb-container gb-container-7006e341\"><div class=\"gb-inside-container\">\n\n<h3 class=\"gb-headline gb-headline-3fcf95c5\"><span class=\"gb-icon\"><svg xmlns=\"http:\/\/www.w3.org\/2000\/svg\" width=\"48\" height=\"48\" viewBox=\"0 0 24 24\" class=\"feather feather-minus\"><path d=\"M5 12h14\"><\/path><\/svg><\/span><span class=\"gb-headline-text\">l&#8217;\u00e9quipe<\/span><\/h3>\n\n\n<div class=\"gb-grid-wrapper gb-grid-wrapper-18b17b67\">\n<div class=\"gb-grid-column gb-grid-column-68d4a0ee\"><div class=\"gb-container gb-container-68d4a0ee\"><div class=\"gb-inside-container\">\n\n<figure class=\"wp-block-image size-full rounded-corners is-style-default\"><img loading=\"lazy\" decoding=\"async\" width=\"997\" height=\"997\" src=\"https:\/\/digitalpacifika.com\/wp-content\/uploads\/2023\/11\/Sam.jpg\" alt=\"\" class=\"wp-image-1398\" srcset=\"https:\/\/digitalpacifika.com\/wp-content\/uploads\/2023\/11\/Sam.jpg 997w, https:\/\/digitalpacifika.com\/wp-content\/uploads\/2023\/11\/Sam-300x300.jpg 300w, https:\/\/digitalpacifika.com\/wp-content\/uploads\/2023\/11\/Sam-150x150.jpg 150w, https:\/\/digitalpacifika.com\/wp-content\/uploads\/2023\/11\/Sam-768x768.jpg 768w\" sizes=\"auto, (max-width: 997px) 100vw, 997px\" \/><\/figure>\n\n<\/div><\/div><\/div>\n\n<div class=\"gb-grid-column gb-grid-column-038f7cac\"><div class=\"gb-container gb-container-038f7cac\"><div class=\"gb-inside-container\">\n\n<h4 class=\"gb-headline gb-headline-8b6e27c5 gb-headline-text\">Sam<\/h4>\n\n\n\n<p>Digital Designer<\/p>\n\n\n<div class=\"gb-button-wrapper gb-button-wrapper-bf7ea5de\">\n\n<span class=\"gb-button gb-button-1b5bd711\"><span class=\"gb-icon\"><svg xmlns=\"http:\/\/www.w3.org\/2000\/svg\" viewBox=\"0 0 448 512\" width=\"1em\" height=\"1em\" aria-hidden=\"true\"><path d=\"M100.28 448H7.4V148.9h92.88zM53.79 108.1C24.09 108.1 0 83.5 0 53.8a53.79 53.79 0 0 1 107.58 0c0 29.7-24.1 54.3-53.79 54.3zM447.9 448h-92.68V302.4c0-34.7-.7-79.2-48.29-79.2-48.29 0-55.69 37.7-55.69 76.7V448h-92.78V148.9h89.08v40.8h1.3c12.4-23.5 42.69-48.3 87.88-48.3 94 0 111.28 61.9 111.28 142.3V448z\" fill=\"currentColor\"><\/path><\/svg><\/span><\/span>\n\n\n\n<span class=\"gb-button gb-button-e062376b gb-button-text\"><\/span>\n\n<\/div>\n<\/div><\/div><\/div>\n\n<div class=\"gb-grid-column gb-grid-column-67bc1420\"><div class=\"gb-container gb-container-67bc1420\"><div class=\"gb-inside-container\">\n\n<figure class=\"wp-block-image size-full rounded-corners is-style-default\"><img loading=\"lazy\" decoding=\"async\" width=\"1225\" height=\"1225\" src=\"https:\/\/digitalpacifika.com\/wp-content\/uploads\/2023\/11\/IMG_1943-3-photoaidcom-greyscale.jpg\" alt=\"\" class=\"wp-image-1392\" srcset=\"https:\/\/digitalpacifika.com\/wp-content\/uploads\/2023\/11\/IMG_1943-3-photoaidcom-greyscale.jpg 1225w, https:\/\/digitalpacifika.com\/wp-content\/uploads\/2023\/11\/IMG_1943-3-photoaidcom-greyscale-300x300.jpg 300w, https:\/\/digitalpacifika.com\/wp-content\/uploads\/2023\/11\/IMG_1943-3-photoaidcom-greyscale-1024x1024.jpg 1024w, https:\/\/digitalpacifika.com\/wp-content\/uploads\/2023\/11\/IMG_1943-3-photoaidcom-greyscale-150x150.jpg 150w, https:\/\/digitalpacifika.com\/wp-content\/uploads\/2023\/11\/IMG_1943-3-photoaidcom-greyscale-768x768.jpg 768w\" sizes=\"auto, (max-width: 1225px) 100vw, 1225px\" \/><\/figure>\n\n<\/div><\/div><\/div>\n\n<div class=\"gb-grid-column gb-grid-column-aac7c046\"><div class=\"gb-container gb-container-aac7c046\"><div class=\"gb-inside-container\">\n\n<h4 class=\"gb-headline gb-headline-45399848 gb-headline-text\">Cathy<\/h4>\n\n\n\n<p>CEO<\/p>\n\n\n<div class=\"gb-button-wrapper gb-button-wrapper-e14f4423\">\n\n<span class=\"gb-button gb-button-2000a853\"><span class=\"gb-icon\"><svg xmlns=\"http:\/\/www.w3.org\/2000\/svg\" viewBox=\"0 0 448 512\" width=\"1em\" height=\"1em\" aria-hidden=\"true\"><path d=\"M100.28 448H7.4V148.9h92.88zM53.79 108.1C24.09 108.1 0 83.5 0 53.8a53.79 53.79 0 0 1 107.58 0c0 29.7-24.1 54.3-53.79 54.3zM447.9 448h-92.68V302.4c0-34.7-.7-79.2-48.29-79.2-48.29 0-55.69 37.7-55.69 76.7V448h-92.78V148.9h89.08v40.8h1.3c12.4-23.5 42.69-48.3 87.88-48.3 94 0 111.28 61.9 111.28 142.3V448z\" fill=\"currentColor\"><\/path><\/svg><\/span><\/span>\n\n\n\n<span class=\"gb-button gb-button-e8574477 gb-button-text\"><\/span>\n\n<\/div>\n<\/div><\/div><\/div>\n\n<div class=\"gb-grid-column gb-grid-column-90e92228\"><div class=\"gb-container gb-container-90e92228\"><div class=\"gb-inside-container\">\n\n<figure class=\"wp-block-image size-full rounded-corners is-style-default\"><img loading=\"lazy\" decoding=\"async\" width=\"250\" height=\"250\" src=\"https:\/\/digitalpacifika.com\/wp-content\/uploads\/2023\/11\/Philippe.png\" alt=\"\" class=\"wp-image-1383\" srcset=\"https:\/\/digitalpacifika.com\/wp-content\/uploads\/2023\/11\/Philippe.png 250w, https:\/\/digitalpacifika.com\/wp-content\/uploads\/2023\/11\/Philippe-150x150.png 150w\" sizes=\"auto, (max-width: 250px) 100vw, 250px\" \/><\/figure>\n\n<\/div><\/div><\/div>\n\n<div class=\"gb-grid-column gb-grid-column-5ea03d2c\"><div class=\"gb-container gb-container-5ea03d2c\"><div class=\"gb-inside-container\">\n\n<h4 class=\"gb-headline gb-headline-66a90922 gb-headline-text\">Philippe<\/h4>\n\n\n\n<p>Transformation Digitale<\/p>\n\n\n<div class=\"gb-button-wrapper gb-button-wrapper-a6065997\">\n\n<span class=\"gb-button gb-button-86b45511\"><span class=\"gb-icon\"><svg xmlns=\"http:\/\/www.w3.org\/2000\/svg\" viewBox=\"0 0 448 512\" width=\"1em\" height=\"1em\" aria-hidden=\"true\"><path d=\"M100.28 448H7.4V148.9h92.88zM53.79 108.1C24.09 108.1 0 83.5 0 53.8a53.79 53.79 0 0 1 107.58 0c0 29.7-24.1 54.3-53.79 54.3zM447.9 448h-92.68V302.4c0-34.7-.7-79.2-48.29-79.2-48.29 0-55.69 37.7-55.69 76.7V448h-92.78V148.9h89.08v40.8h1.3c12.4-23.5 42.69-48.3 87.88-48.3 94 0 111.28 61.9 111.28 142.3V448z\" fill=\"currentColor\"><\/path><\/svg><\/span><\/span>\n\n\n\n<span class=\"gb-button gb-button-4c8d282a gb-button-text\"><\/span>\n\n<\/div>\n<\/div><\/div><\/div>\n\n<div class=\"gb-grid-column gb-grid-column-6f715b64\"><div class=\"gb-container gb-container-6f715b64\"><div class=\"gb-inside-container\">\n\n<figure class=\"wp-block-image size-full rounded-corners is-style-default\"><img loading=\"lazy\" decoding=\"async\" width=\"991\" height=\"991\" src=\"https:\/\/digitalpacifika.com\/wp-content\/uploads\/2023\/11\/Andi.png\" alt=\"\" class=\"wp-image-1396\" srcset=\"https:\/\/digitalpacifika.com\/wp-content\/uploads\/2023\/11\/Andi.png 991w, https:\/\/digitalpacifika.com\/wp-content\/uploads\/2023\/11\/Andi-300x300.png 300w, https:\/\/digitalpacifika.com\/wp-content\/uploads\/2023\/11\/Andi-150x150.png 150w, https:\/\/digitalpacifika.com\/wp-content\/uploads\/2023\/11\/Andi-768x768.png 768w\" sizes=\"auto, (max-width: 991px) 100vw, 991px\" \/><\/figure>\n\n<\/div><\/div><\/div>\n\n<div class=\"gb-grid-column gb-grid-column-16ecfbfa\"><div class=\"gb-container gb-container-16ecfbfa\"><div class=\"gb-inside-container\">\n\n<h4 class=\"gb-headline gb-headline-54b203a1 gb-headline-text\">Andi<\/h4>\n\n\n\n<p>JavaScript Developer<\/p>\n\n\n<div class=\"gb-button-wrapper gb-button-wrapper-c3416c63\">\n\n<span class=\"gb-button gb-button-31c9d1f8\"><span class=\"gb-icon\"><svg xmlns=\"http:\/\/www.w3.org\/2000\/svg\" viewBox=\"0 0 448 512\" width=\"1em\" height=\"1em\" aria-hidden=\"true\"><path d=\"M100.28 448H7.4V148.9h92.88zM53.79 108.1C24.09 108.1 0 83.5 0 53.8a53.79 53.79 0 0 1 107.58 0c0 29.7-24.1 54.3-53.79 54.3zM447.9 448h-92.68V302.4c0-34.7-.7-79.2-48.29-79.2-48.29 0-55.69 37.7-55.69 76.7V448h-92.78V148.9h89.08v40.8h1.3c12.4-23.5 42.69-48.3 87.88-48.3 94 0 111.28 61.9 111.28 142.3V448z\" fill=\"currentColor\"><\/path><\/svg><\/span><\/span>\n\n\n\n<a class=\"gb-button gb-button-caadda4c gb-button-text\" href=\"#\"><\/a>\n\n<\/div>\n<\/div><\/div><\/div>\n<\/div>\n<\/div><\/div>\n\n<div class=\"gb-container gb-container-42a59819\" id=\"contact\"><div class=\"gb-inside-container\">\n<div class=\"gb-grid-wrapper gb-grid-wrapper-38f631aa\">\n<div class=\"gb-grid-column gb-grid-column-1a2b119c\"><div class=\"gb-container gb-container-1a2b119c\"><div class=\"gb-inside-container\">\n\n<h2 class=\"gb-headline gb-headline-d804ad50 gb-headline-text\">Pr\u00eat \u00e0 lancer votre projet ?<\/h2>\n\n\n\n<p>BP 653, Matala&#8217;a, 98600 Wallis<\/p>\n\n\n\n<p>Lundi au vendredi 9h00 &#8211; 17h00 (WFT), UTC +12<\/p>\n\n\n\n<p class=\"gb-headline gb-headline-157e4ad1\"><span class=\"gb-icon\"><svg xmlns=\"http:\/\/www.w3.org\/2000\/svg\" viewBox=\"0 0 50 80\"><path d=\"M42.5 0h-35C3.4 0 0 3.4 0 7.5v65C0 76.6 3.4 80 7.5 80h35c4.1 0 7.5-3.4 7.5-7.5v-65C50 3.4 46.6 0 42.5 0zM25 75c-2.8 0-5-2.2-5-5s2.2-5 5-5 5 2.2 5 5-2.2 5-5 5zm17.5-16.9c0 1-.8 1.9-1.9 1.9H9.4c-1 0-1.9-.8-1.9-1.9V9.4c0-1 .8-1.9 1.9-1.9h31.2c1 0 1.9.8 1.9 1.9v48.7z\"><\/path><\/svg><\/span><span class=\"gb-headline-text\"><a href=\"tel:+681820000\">+681 82 <\/a><a href=\"tel:+681828384\" title=\"\">83<\/a><a href=\"tel:+681820000\"> 84<\/a><\/span><\/p>\n\n\n\n<p class=\"gb-headline gb-headline-8eea7133\"><span class=\"gb-icon\"><svg aria-hidden=\"true\" role=\"img\" height=\"1em\" width=\"1em\" viewBox=\"0 0 512 512\" xmlns=\"http:\/\/www.w3.org\/2000\/svg\"><path fill=\"currentColor\" d=\"M464 64H48C21.49 64 0 85.49 0 112v288c0 26.51 21.49 48 48 48h416c26.51 0 48-21.49 48-48V112c0-26.51-21.49-48-48-48zm0 48v40.805c-22.422 18.259-58.168 46.651-134.587 106.49-16.841 13.247-50.201 45.072-73.413 44.701-23.208.375-56.579-31.459-73.413-44.701C106.18 199.465 70.425 171.067 48 152.805V112h416zM48 400V214.398c22.914 18.251 55.409 43.862 104.938 82.646 21.857 17.205 60.134 55.186 103.062 54.955 42.717.231 80.509-37.199 103.053-54.947 49.528-38.783 82.032-64.401 104.947-82.653V400H48z\"><\/path><\/svg><\/span><span class=\"gb-headline-text\"><a href=\"email:contact@digitalpacifika.com\" title=\"\">contact@digitalpacifika.com<\/a><\/span><\/p>\n\n<\/div><\/div><\/div>\n\n<div class=\"gb-grid-column gb-grid-column-c197b828\"><div class=\"gb-container gb-container-c197b828\"><div class=\"gb-inside-container\">\n\n<figure class=\"wp-block-image size-large is-style-default\"><img loading=\"lazy\" decoding=\"async\" width=\"394\" height=\"120\" src=\"https:\/\/digitalpacifika.com\/wp-content\/uploads\/2022\/10\/black_logo_transparent_background.svg\" alt=\"\" class=\"wp-image-1330\"\/><\/figure>\n\n<\/div><\/div><\/div>\n<\/div>\n<\/div><div class=\"gb-shapes\"><div class=\"gb-shape gb-shape-1\"><svg xmlns=\"http:\/\/www.w3.org\/2000\/svg\" viewBox=\"0 0 1200 100\" preserveAspectRatio=\"none\"><path d=\"M1200 100H0V0l400 77.2L1200 0z\"\/><\/svg><\/div><\/div><\/div>","protected":false},"excerpt":{"rendered":"<p>EXPERTISES NOS PROJETS l&#8217;\u00e9quipe<\/p>\n","protected":false},"author":1,"featured_media":0,"parent":0,"menu_order":0,"comment_status":"closed","ping_status":"closed","template":"","meta":{"footnotes":""},"class_list":["post-1294","page","type-page","status-publish"],"aioseo_notices":[],"_links":{"self":[{"href":"https:\/\/digitalpacifika.com\/index.php?rest_route=\/wp\/v2\/pages\/1294","targetHints":{"allow":["GET"]}}],"collection":[{"href":"https:\/\/digitalpacifika.com\/index.php?rest_route=\/wp\/v2\/pages"}],"about":[{"href":"https:\/\/digitalpacifika.com\/index.php?rest_route=\/wp\/v2\/types\/page"}],"author":[{"embeddable":true,"href":"https:\/\/digitalpacifika.com\/index.php?rest_route=\/wp\/v2\/users\/1"}],"replies":[{"embeddable":true,"href":"https:\/\/digitalpacifika.com\/index.php?rest_route=%2Fwp%2Fv2%2Fcomments&post=1294"}],"version-history":[{"count":70,"href":"https:\/\/digitalpacifika.com\/index.php?rest_route=\/wp\/v2\/pages\/1294\/revisions"}],"predecessor-version":[{"id":1469,"href":"https:\/\/digitalpacifika.com\/index.php?rest_route=\/wp\/v2\/pages\/1294\/revisions\/1469"}],"wp:attachment":[{"href":"https:\/\/digitalpacifika.com\/index.php?rest_route=%2Fwp%2Fv2%2Fmedia&parent=1294"}],"curies":[{"name":"wp","href":"https:\/\/api.w.org\/{rel}","templated":true}]}}